{"id":320,"date":"2019-08-17T15:31:09","date_gmt":"2019-08-17T13:31:09","guid":{"rendered":"https:\/\/www.h2ope.fr\/accueil\/"},"modified":"2021-02-09T09:54:38","modified_gmt":"2021-02-09T08:54:38","slug":"accueil","status":"publish","type":"page","link":"https:\/\/www.h2ope.fr\/de\/","title":{"rendered":"Vorstellung"},"content":{"rendered":"\n<h1 class=\"wp-block-heading\" style=\"text-align:center\">River Whale <br><span class=\"subtitle\">der Abfallsammler f\u00fcr die Reinigung von Fl\u00fcssen und den Schutz der Ozeane<\/span><\/h1>\n\n\n\n<p style=\"text-align:center\" class=\"has-medium-font-size\">Jedes Jahr landen <strong>8 Millionen Tonnen Kunststoffe<\/strong> in unseren Ozeanen, <strong>80% davon stammen aus unseren Fl\u00fcssen&#8230;<\/strong> <\/p>\n\n\n\n<p style=\"text-align:center\" class=\"has-medium-font-size\">Die L\u00f6sung zur Begrenzung der <strong>Verschmutzung von Fl\u00fcssen<\/strong> und zur Eind\u00e4mmung der Ausbreitung von &#8222;<strong>Plastik-Ozeanen<\/strong>&#8220; liegt deshalb <strong>flussaufw\u00e4rts.<\/strong><\/p>\n\n\n\n<\/div><!-- Fermeture du container principal -->\n\n\n\r\n  <div class=\"banner_block\">\r\n      <div class=\"banner_image\" style='background-image: url(\"https:\/\/www.h2ope.fr\/wp-content\/uploads\/2019\/08\/river-whale-h2ope.jpg\");'>\r\n        <img decoding=\"async\" src=\"https:\/\/www.h2ope.fr\/wp-content\/uploads\/2019\/08\/river-whale-h2ope.jpg\" alt=\"River Whale, Fluss Abfallsammler\" \/>\r\n      <\/div>\r\n      <div class=\"banner_text\">\r\n                      <h2>Flussaufw\u00e4rts agieren<\/h2>\r\n                    <p>H2OPE hat eine<strong> innovative L\u00f6sung entwickelt zum Sammelung von Abf\u00e4llen im Wasserumwelt<\/strong>, die auf dem Prinzip eines Netzes von Sammlern basiert ist, die Abf\u00e4lle halten k\u00f6nnen und <strong>entlang von Wasserl\u00e4ufen <\/strong>schwimmen.<\/p>\n<p>Nach einer detaillierten Studienphase hat H2OPE seine <strong>Abfallsammlern<\/strong> auf den strategischen Punkten des Wasserlaufs platziert, an denen sich\u00a0 driftende oder halb eingetauchte Objekte ansammeln w\u00fcrden,\u00a0 \u00e4hnlicher weise nat\u00fcrlichen D\u00e4mme. Diese Abf\u00e4lle werden dann zusammengebracht bevor an <strong>Recycling- und Aufr\u00fcstung Kreisl\u00e4ufe weitergeleitet.<\/strong><\/p>\n      <\/div>\r\n  <\/div>\n\n\n<div class=\"wrap cf\"><!-- R\u00e9ouverture du container principal -->\n\n\n\n<h2 class=\"wp-block-heading\" style=\"text-align:center\">\u00ab River Whale \u00bb : Der Wal, der Fl\u00fcsse reinigt<\/h2>\n\n\n\n<p style=\"text-align:center\">River Whale wurde direkt von einem Wal und seinem Barten inspiriert: er f<strong>iltert das Wasser und h\u00e4lt Abf\u00e4lle zur\u00fcck<\/strong>. Es befasst sich mit der <strong>Reinigung von Fl\u00fcsse<\/strong>, und wirkt der <strong>Verschmutzung der Ozeane<\/strong> entgegen.<br>H2OPE hat sich zum Ziel gesetzt, einen Abfallsammler nach folgenden Schwerpunkten zu erstellen<\/p>\n\n\n\n<div class=\"wp-block-image\"><figure class=\"alignright\"><img loading=\"lazy\" decoding=\"async\" width=\"235\" height=\"271\" src=\"https:\/\/www.h2ope.fr\/wp-content\/uploads\/2019\/08\/baleine.png\" alt=\"Flusswal\" class=\"wp-image-245\"\/><\/figure><\/div>\n\n\n\n<ul class=\"wp-block-list\"><li>Der Sammler muss <strong>rund um die Uhr<\/strong> in Betrieb sein<\/li><li>Nur <strong>mit dem Str\u00f6mung funktionieren, der von einem Wasserlauf geliefert wird<\/strong>, oder mit Oberfl\u00e4chenstr\u00f6men<\/li><li>Es darf <strong>keine Auswirkungen auf Fauna und Flora haben<\/strong><\/li><li>Es muss aus <strong>Recycling Materialien<\/strong> bestehen<\/li><li>Es muss das<strong> Prinzip nat\u00fcrlicher D\u00e4mme auf artifizielle und kontrollierte Weise reproduzieren<\/strong><\/li><li>Es muss in der Lage sein, sich <strong>entsprechend Hochwasser und Tiefst\u00e4nde fortzubewegen<\/strong><\/li><li>Es muss <strong>klimabest\u00e4ndig<\/strong> sein<\/li><li>Es muss <strong>in Frankreich hergestellt <\/strong>werden<\/li><\/ul>\n\n\n\n<p style=\"text-align:center\"> Nach mehr als einem Jahr Studien und Beratungen mit einem franz\u00f6sischen Hersteller ist es H2OPE gelungen, einen Abfallsammler zu erstellen, der diesen Anforderungen entspricht. <\/p>\n\n\n\n<div class=\"wp-block-image legende\"><figure class=\"aligncenter\"><img loading=\"lazy\" decoding=\"async\" width=\"562\" height=\"396\" src=\"https:\/\/www.h2ope.fr\/wp-content\/uploads\/2019\/08\/modelisation-river-whale.jpg\" alt=\"Modellierung von der &quot;River Whale&quot;\" class=\"wp-image-247\"\/><figcaption>Modellierung von der &#8222;River Whale&#8220;, der Wasserabf\u00e4llen Sammler<\/figcaption><\/figure><\/div>\n\n\n\n<\/div><!-- Fermeture du container principal -->\n\n\n\n<div class=\"bulles\"><div class=\"wrap cf\">\n\n\n\n<h2 class=\"wp-block-heading\" style=\"text-align:center\">\u00ab&nbsp;River Whales&nbsp;\u00bb technischen Daten<\/h2>\n\n\n  <div class=\"col-sm-4 feature-block\">\r\n    <div class=\"wp-block-image\">\r\n      <figure class=\"aligncenter\">\r\n        <img decoding=\"async\" src=\"https:\/\/www.h2ope.fr\/wp-content\/uploads\/2019\/08\/pehd.png\" alt=\"HDPE, Polyethylen mit hoher Dichte\" \/>\r\n      <\/figure>\r\n    <\/div>\r\n    <p style=\"text-align: center;\">Das f\u00fcr die Realisierung des Ger\u00e4ts verwendete Material ist der <strong>HDPE-Kunststoff<\/strong> (Polyethylen mit hoher Dichte), ein <strong>neutrales Material<\/strong> mit einer Lebensdauer von etwa 15 Jahren, das <strong>ohne Auswirkungen auf Fauna und Flora hat<\/strong>, und recycelbar ist.<\/p>\n  <\/div>\r\n\n\n  <div class=\"col-sm-4 feature-block\">\r\n    <div class=\"wp-block-image\">\r\n      <figure class=\"aligncenter\">\r\n        <img decoding=\"async\" src=\"https:\/\/www.h2ope.fr\/wp-content\/uploads\/2019\/08\/ouverture-captage.png\" alt=\"\u00d6ffnungsweite von 2,0 bis 5,5 meter f\u00fcr Abfalls Sammlung\" \/>\r\n      <\/figure>\r\n    <\/div>\r\n    <p style=\"text-align: center;\">Das Design des Sammlers erm\u00f6glicht eine variable <strong>Er\u00f6ffnung von 2 bis 5,50 Metern<\/strong> <strong>f\u00fcr die Abfalls Sammlung.<\/strong><\/p>\n  <\/div>\r\n\n\n  <div class=\"col-sm-4 feature-block\">\r\n    <div class=\"wp-block-image\">\r\n      <figure class=\"aligncenter\">\r\n        <img decoding=\"async\" src=\"https:\/\/www.h2ope.fr\/wp-content\/uploads\/2019\/08\/retention-dechets.png\" alt=\"M\u00fcll\" \/>\r\n      <\/figure>\r\n    <\/div>\r\n    <p style=\"text-align: center;\">Das Volumen der Abfallr\u00fcckhaltung betr\u00e4gt ca. <strong>3 Kubikmeter.<\/strong><\/p>\n  <\/div>\r\n\n\n  <div class=\"col-sm-4 feature-block\">\r\n    <div class=\"wp-block-image\">\r\n      <figure class=\"aligncenter\">\r\n        <img decoding=\"async\" src=\"https:\/\/www.h2ope.fr\/wp-content\/uploads\/2019\/08\/fanons.png\" alt=\"River Whale Barten\" \/>\r\n      <\/figure>\r\n    <\/div>\r\n    <p style=\"text-align: center;\">Die Ballen <strong>verhinderen dass Abfall\u00e4lle aus dem Sammler entweichen<\/strong>, und <strong>vergr\u00f6\u00dfert die Sammelfl\u00e4che des Abfalls.<\/strong><\/p>\n  <\/div>\r\n\n\n  <div class=\"col-sm-4 feature-block\">\r\n    <div class=\"wp-block-image\">\r\n      <figure class=\"aligncenter\">\r\n        <img decoding=\"async\" src=\"https:\/\/www.h2ope.fr\/wp-content\/uploads\/2019\/08\/non-invasif.png\" alt=\"Nicht invasiv\" \/>\r\n      <\/figure>\r\n    <\/div>\r\n    <p style=\"text-align: center;\"><strong>Keine Auswirkungen<\/strong> auf Fauna und Flora, Erm\u00f6glicht den <strong>freien Verkehr<\/strong> der Benutzer (Frachtschiffe, Tourismus usw.)<\/p>\n  <\/div>\r\n\n\n  <div class=\"col-sm-4 feature-block\">\r\n    <div class=\"wp-block-image\">\r\n      <figure class=\"aligncenter\">\r\n        <img decoding=\"async\" src=\"https:\/\/www.h2ope.fr\/wp-content\/uploads\/2019\/08\/made-in-france.png\" alt=\"100% Franz\u00f6sisch\" \/>\r\n      <\/figure>\r\n    <\/div>\r\n    <p style=\"text-align: center;\">Die Herstellung ist <strong>100% Franz\u00f6sisch<\/strong>.<\/p>\n  <\/div>\r\n\n\n\n<\/div><\/div><!-- Fermeture du container bulles -->\n","protected":false},"excerpt":{"rendered":"<p>River Whale der Abfallsammler f\u00fcr die Reinigung von Fl\u00fcssen und den Schutz der Ozeane Jedes Jahr landen 8 Millionen Tonnen Kunststoffe in unseren Ozeanen, 80% davon stammen aus unseren Fl\u00fcssen&#8230; Die L\u00f6sung zur Begrenzung der Verschmutzung von Fl\u00fcssen und zur Eind\u00e4mmung der Ausbreitung von &#8222;Plastik-Ozeanen&#8220; liegt deshalb flussaufw\u00e4rts. \u00ab River Whale \u00bb : Der Wal,&#8230;  <a class=\"excerpt-read-more\" href=\"https:\/\/www.h2ope.fr\/de\/\" title=\"Read Vorstellung\"><\/a><\/p>\n","protected":false},"author":1,"featured_media":0,"parent":0,"menu_order":0,"comment_status":"closed","ping_status":"closed","template":"accueil.php","meta":{"_acf_changed":false,"footnotes":""},"class_list":["post-320","page","type-page","status-publish","hentry"],"acf":[],"yoast_head":"<!-- This site is optimized with the Yoast SEO plugin v27.2 - https:\/\/yoast.com\/product\/yoast-seo-wordpress\/ -->\n<title>H2OPE | River Whale, Abfallsammler f\u00fcr die Flussreinigung<\/title>\n<meta name=\"description\" content=\"&quot;River Whale&quot;, Abfallsammler der ohne Energie funkioniert und rund um die Uhr Wasser filtert um Abf\u00e4lle zu sammeln, um die Verschmutzung von Fl\u00fcssen und Ozeanen zu bek\u00e4mpfen.\" \/>\n<meta name=\"robots\" content=\"index, follow, max-snippet:-1, max-image-preview:large, max-video-preview:-1\" \/>\n<link rel=\"canonical\" href=\"https:\/\/www.h2ope.fr\/de\/\" \/>\n<meta property=\"og:locale\" content=\"de_DE\" \/>\n<meta property=\"og:type\" content=\"article\" \/>\n<meta property=\"og:title\" content=\"H2OPE | River Whale, Abfallsammler f\u00fcr die Flussreinigung\" \/>\n<meta property=\"og:description\" content=\"&quot;River Whale&quot;, Abfallsammler der ohne Energie funkioniert und rund um die Uhr Wasser filtert um Abf\u00e4lle zu sammeln, um die Verschmutzung von Fl\u00fcssen und Ozeanen zu bek\u00e4mpfen.\" \/>\n<meta property=\"og:url\" content=\"https:\/\/www.h2ope.fr\/de\/\" \/>\n<meta property=\"og:site_name\" content=\"H2ope\" \/>\n<meta property=\"article:modified_time\" content=\"2021-02-09T08:54:38+00:00\" \/>\n<meta property=\"og:image\" content=\"https:\/\/www.h2ope.fr\/wp-content\/uploads\/2019\/08\/baleine.png\" \/>\n<meta name=\"twitter:card\" content=\"summary_large_image\" \/>\n<meta name=\"twitter:label1\" content=\"Gesch\u00e4tzte Lesezeit\" \/>\n\t<meta name=\"twitter:data1\" content=\"1\u00a0Minute\" \/>\n<script type=\"application\/ld+json\" class=\"yoast-schema-graph\">{\"@context\":\"https:\/\/schema.org\",\"@graph\":[{\"@type\":\"WebPage\",\"@id\":\"https:\/\/www.h2ope.fr\/de\/\",\"url\":\"https:\/\/www.h2ope.fr\/de\/\",\"name\":\"H2OPE | River Whale, Abfallsammler f\u00fcr die Flussreinigung\",\"isPartOf\":{\"@id\":\"https:\/\/www.h2ope.fr\/de\/#website\"},\"primaryImageOfPage\":{\"@id\":\"https:\/\/www.h2ope.fr\/de\/#primaryimage\"},\"image\":{\"@id\":\"https:\/\/www.h2ope.fr\/de\/#primaryimage\"},\"thumbnailUrl\":\"https:\/\/www.h2ope.fr\/wp-content\/uploads\/2019\/08\/baleine.png\",\"datePublished\":\"2019-08-17T13:31:09+00:00\",\"dateModified\":\"2021-02-09T08:54:38+00:00\",\"description\":\"\\\"River Whale\\\", Abfallsammler der ohne Energie funkioniert und rund um die Uhr Wasser filtert um Abf\u00e4lle zu sammeln, um die Verschmutzung von Fl\u00fcssen und Ozeanen zu bek\u00e4mpfen.\",\"breadcrumb\":{\"@id\":\"https:\/\/www.h2ope.fr\/de\/#breadcrumb\"},\"inLanguage\":\"de\",\"potentialAction\":[{\"@type\":\"ReadAction\",\"target\":[\"https:\/\/www.h2ope.fr\/de\/\"]}]},{\"@type\":\"ImageObject\",\"inLanguage\":\"de\",\"@id\":\"https:\/\/www.h2ope.fr\/de\/#primaryimage\",\"url\":\"https:\/\/www.h2ope.fr\/wp-content\/uploads\/2019\/08\/baleine.png\",\"contentUrl\":\"https:\/\/www.h2ope.fr\/wp-content\/uploads\/2019\/08\/baleine.png\"},{\"@type\":\"BreadcrumbList\",\"@id\":\"https:\/\/www.h2ope.fr\/de\/#breadcrumb\",\"itemListElement\":[{\"@type\":\"ListItem\",\"position\":1,\"name\":\"Accueil\",\"item\":\"https:\/\/www.h2ope.fr\/de\/\"},{\"@type\":\"ListItem\",\"position\":2,\"name\":\"Vorstellung\"}]},{\"@type\":\"WebSite\",\"@id\":\"https:\/\/www.h2ope.fr\/de\/#website\",\"url\":\"https:\/\/www.h2ope.fr\/de\/\",\"name\":\"H2ope\",\"description\":\"Collecte de d\u00e9chets en milieu aquatique\",\"potentialAction\":[{\"@type\":\"SearchAction\",\"target\":{\"@type\":\"EntryPoint\",\"urlTemplate\":\"https:\/\/www.h2ope.fr\/de\/?s={search_term_string}\"},\"query-input\":{\"@type\":\"PropertyValueSpecification\",\"valueRequired\":true,\"valueName\":\"search_term_string\"}}],\"inLanguage\":\"de\"}]}<\/script>\n<!-- \/ Yoast SEO plugin. -->","yoast_head_json":{"title":"H2OPE | River Whale, Abfallsammler f\u00fcr die Flussreinigung","description":"\"River Whale\", Abfallsammler der ohne Energie funkioniert und rund um die Uhr Wasser filtert um Abf\u00e4lle zu sammeln, um die Verschmutzung von Fl\u00fcssen und Ozeanen zu bek\u00e4mpfen.","robots":{"index":"index","follow":"follow","max-snippet":"max-snippet:-1","max-image-preview":"max-image-preview:large","max-video-preview":"max-video-preview:-1"},"canonical":"https:\/\/www.h2ope.fr\/de\/","og_locale":"de_DE","og_type":"article","og_title":"H2OPE | River Whale, Abfallsammler f\u00fcr die Flussreinigung","og_description":"\"River Whale\", Abfallsammler der ohne Energie funkioniert und rund um die Uhr Wasser filtert um Abf\u00e4lle zu sammeln, um die Verschmutzung von Fl\u00fcssen und Ozeanen zu bek\u00e4mpfen.","og_url":"https:\/\/www.h2ope.fr\/de\/","og_site_name":"H2ope","article_modified_time":"2021-02-09T08:54:38+00:00","og_image":[{"url":"https:\/\/www.h2ope.fr\/wp-content\/uploads\/2019\/08\/baleine.png","type":"","width":"","height":""}],"twitter_card":"summary_large_image","twitter_misc":{"Gesch\u00e4tzte Lesezeit":"1\u00a0Minute"},"schema":{"@context":"https:\/\/schema.org","@graph":[{"@type":"WebPage","@id":"https:\/\/www.h2ope.fr\/de\/","url":"https:\/\/www.h2ope.fr\/de\/","name":"H2OPE | River Whale, Abfallsammler f\u00fcr die Flussreinigung","isPartOf":{"@id":"https:\/\/www.h2ope.fr\/de\/#website"},"primaryImageOfPage":{"@id":"https:\/\/www.h2ope.fr\/de\/#primaryimage"},"image":{"@id":"https:\/\/www.h2ope.fr\/de\/#primaryimage"},"thumbnailUrl":"https:\/\/www.h2ope.fr\/wp-content\/uploads\/2019\/08\/baleine.png","datePublished":"2019-08-17T13:31:09+00:00","dateModified":"2021-02-09T08:54:38+00:00","description":"\"River Whale\", Abfallsammler der ohne Energie funkioniert und rund um die Uhr Wasser filtert um Abf\u00e4lle zu sammeln, um die Verschmutzung von Fl\u00fcssen und Ozeanen zu bek\u00e4mpfen.","breadcrumb":{"@id":"https:\/\/www.h2ope.fr\/de\/#breadcrumb"},"inLanguage":"de","potentialAction":[{"@type":"ReadAction","target":["https:\/\/www.h2ope.fr\/de\/"]}]},{"@type":"ImageObject","inLanguage":"de","@id":"https:\/\/www.h2ope.fr\/de\/#primaryimage","url":"https:\/\/www.h2ope.fr\/wp-content\/uploads\/2019\/08\/baleine.png","contentUrl":"https:\/\/www.h2ope.fr\/wp-content\/uploads\/2019\/08\/baleine.png"},{"@type":"BreadcrumbList","@id":"https:\/\/www.h2ope.fr\/de\/#breadcrumb","itemListElement":[{"@type":"ListItem","position":1,"name":"Accueil","item":"https:\/\/www.h2ope.fr\/de\/"},{"@type":"ListItem","position":2,"name":"Vorstellung"}]},{"@type":"WebSite","@id":"https:\/\/www.h2ope.fr\/de\/#website","url":"https:\/\/www.h2ope.fr\/de\/","name":"H2ope","description":"Collecte de d\u00e9chets en milieu aquatique","potentialAction":[{"@type":"SearchAction","target":{"@type":"EntryPoint","urlTemplate":"https:\/\/www.h2ope.fr\/de\/?s={search_term_string}"},"query-input":{"@type":"PropertyValueSpecification","valueRequired":true,"valueName":"search_term_string"}}],"inLanguage":"de"}]}},"_links":{"self":[{"href":"https:\/\/www.h2ope.fr\/de\/wp-json\/wp\/v2\/pages\/320","targetHints":{"allow":["GET"]}}],"collection":[{"href":"https:\/\/www.h2ope.fr\/de\/wp-json\/wp\/v2\/pages"}],"about":[{"href":"https:\/\/www.h2ope.fr\/de\/wp-json\/wp\/v2\/types\/page"}],"author":[{"embeddable":true,"href":"https:\/\/www.h2ope.fr\/de\/wp-json\/wp\/v2\/users\/1"}],"replies":[{"embeddable":true,"href":"https:\/\/www.h2ope.fr\/de\/wp-json\/wp\/v2\/comments?post=320"}],"version-history":[{"count":13,"href":"https:\/\/www.h2ope.fr\/de\/wp-json\/wp\/v2\/pages\/320\/revisions"}],"predecessor-version":[{"id":554,"href":"https:\/\/www.h2ope.fr\/de\/wp-json\/wp\/v2\/pages\/320\/revisions\/554"}],"wp:attachment":[{"href":"https:\/\/www.h2ope.fr\/de\/wp-json\/wp\/v2\/media?parent=320"}],"curies":[{"name":"wp","href":"https:\/\/api.w.org\/{rel}","templated":true}]}}