{"id":324,"date":"2019-08-17T16:33:48","date_gmt":"2019-08-17T14:33:48","guid":{"rendered":"https:\/\/www.h2ope.fr\/services\/"},"modified":"2019-09-12T11:02:13","modified_gmt":"2019-09-12T09:02:13","slug":"leistungen","status":"publish","type":"page","link":"https:\/\/www.h2ope.fr\/de\/leistungen\/","title":{"rendered":"Unsere Leistungen: Erfassung, Sammlung und Sortierung von Abf\u00e4llen in Fl\u00fcssen"},"content":{"rendered":"\n<div class=\"wp-block-image\"><figure class=\"alignright is-resized\"><img loading=\"lazy\" decoding=\"async\" src=\"https:\/\/www.h2ope.fr\/wp-content\/uploads\/2019\/08\/baleine.png\" alt=\"Flusswhal\" class=\"wp-image-41\" width=\"200\" height=\"203\"\/><\/figure><\/div>\n\n\n\n<p>H2OPE ist Teil eines globalen Umweltkonzepts und bietet eine L\u00f6sung f\u00fcr die <strong>Erfassung, Sammlung und Sortierung von Wasserabf\u00e4llen<\/strong>, genauso wie ihre I<strong>ntegration in die Behandlungsnetzwerke.<\/strong><\/p>\n\n\n\n<p>Basierend auf <strong>regelm\u00e4\u00dfigen Sammlungen in Fl\u00fcsse<\/strong>, verhindert <em><a href=\"https:\/\/www.h2ope.fr\/de\/\" title=\"Fluss Abfallsammler\">River Whale<\/a><\/em>, dass die meisten Abf\u00e4lle degradiert werden, und erm\u00f6glicht dass diese recycelbar bleiben.<\/p>\n\n\n\n<div style=\"height:75px\" aria-hidden=\"true\" class=\"wp-block-spacer\"><\/div>\n\n\n\n<p style=\"text-align:center\" class=\"has-medium-font-size\">H2OPE schl\u00e4gt vor, wie folgt einzugreifen:<\/p>\n\n\n\n<ul class=\"wp-block-list\"><li><strong>Untersuchung der umliegenden Wasserl\u00e4ufe<\/strong>, um die am besten geeigneten Standorte f\u00fcr die Abfallr\u00fcckhaltung zu bestimmen<\/li><li>\u00dcbermittlung eines <strong>Umsetzungsbericht <\/strong>an die Gemeinde<\/li><li>Standortvalidierung<\/li><li>Implantation von <strong><em><a title=\"Fluss Abfallsammler\" href=\"https:\/\/www.h2ope.fr\/de\/\">River Whale Sammlern<\/a><\/em><\/strong><\/li><li><strong>Periodische Abfallsammlung<\/strong><\/li><li><strong>Sortieren und Wiegen gesammelter Abf\u00e4lle<\/strong><\/li><li>Versand im <strong>Aufwertung und Recycling Kreislauf <\/strong>mit Branchen Profis<\/li><li>Regelm\u00e4\u00dfige Erstellung <strong>detaillierter Sammlungsberichte<\/strong> (Menge, Art, Herkunft)<\/li><li><strong>R\u00fcckverfolgbarkeit der Aufbereitung und des Recyclings<\/strong> von Abf\u00e4llen<\/li><li><strong>Wartung <\/strong>und Neupositionierung von Sammlern<\/li><\/ul>\n","protected":false},"excerpt":{"rendered":"<p>H2OPE ist Teil eines globalen Umweltkonzepts und bietet eine L\u00f6sung f\u00fcr die Erfassung, Sammlung und Sortierung von Wasserabf\u00e4llen, genauso wie ihre Integration in die Behandlungsnetzwerke. Basierend auf regelm\u00e4\u00dfigen Sammlungen in Fl\u00fcsse, verhindert River Whale, dass die meisten Abf\u00e4lle degradiert werden, und erm\u00f6glicht dass diese recycelbar bleiben. H2OPE schl\u00e4gt vor, wie folgt einzugreifen: Untersuchung der umliegenden&#8230;  <a class=\"excerpt-read-more\" href=\"https:\/\/www.h2ope.fr\/de\/leistungen\/\" title=\"Read Unsere Leistungen: Erfassung, Sammlung und Sortierung von Abf\u00e4llen in Fl\u00fcssen\"><\/a><\/p>\n","protected":false},"author":1,"featured_media":0,"parent":0,"menu_order":0,"comment_status":"closed","ping_status":"closed","template":"","meta":{"_acf_changed":false,"footnotes":""},"class_list":["post-324","page","type-page","status-publish","hentry"],"acf":[],"yoast_head":"<!-- This site is optimized with the Yoast SEO plugin v27.2 - https:\/\/yoast.com\/product\/yoast-seo-wordpress\/ -->\n<title>Erfassung, Sammlung und Sortierung von Abf\u00e4llen in Wasserl\u00e4ufen | H2OPE<\/title>\n<meta name=\"description\" content=\"H2OPE sorgt f\u00fcr die Erfassung, Sammlung und Sortierung der Wasserabf\u00e4lle und deren Integration in die Recycling- und Aufbereitungsanlagen.\" \/>\n<meta name=\"robots\" content=\"index, follow, max-snippet:-1, max-image-preview:large, max-video-preview:-1\" \/>\n<link rel=\"canonical\" href=\"https:\/\/www.h2ope.fr\/de\/leistungen\/\" \/>\n<meta property=\"og:locale\" content=\"de_DE\" \/>\n<meta property=\"og:type\" content=\"article\" \/>\n<meta property=\"og:title\" content=\"Erfassung, Sammlung und Sortierung von Abf\u00e4llen in Wasserl\u00e4ufen | H2OPE\" \/>\n<meta property=\"og:description\" content=\"H2OPE sorgt f\u00fcr die Erfassung, Sammlung und Sortierung der Wasserabf\u00e4lle und deren Integration in die Recycling- und Aufbereitungsanlagen.\" \/>\n<meta property=\"og:url\" content=\"https:\/\/www.h2ope.fr\/de\/leistungen\/\" \/>\n<meta property=\"og:site_name\" content=\"H2ope\" \/>\n<meta property=\"article:modified_time\" content=\"2019-09-12T09:02:13+00:00\" \/>\n<meta property=\"og:image\" content=\"https:\/\/www.h2ope.fr\/wp-content\/uploads\/2019\/08\/baleine.png\" \/>\n<meta name=\"twitter:card\" content=\"summary_large_image\" \/>\n<meta name=\"twitter:label1\" content=\"Gesch\u00e4tzte Lesezeit\" \/>\n\t<meta name=\"twitter:data1\" content=\"1\u00a0Minute\" \/>\n<script type=\"application\/ld+json\" class=\"yoast-schema-graph\">{\"@context\":\"https:\/\/schema.org\",\"@graph\":[{\"@type\":\"WebPage\",\"@id\":\"https:\/\/www.h2ope.fr\/de\/leistungen\/\",\"url\":\"https:\/\/www.h2ope.fr\/de\/leistungen\/\",\"name\":\"Erfassung, Sammlung und Sortierung von Abf\u00e4llen in Wasserl\u00e4ufen | H2OPE\",\"isPartOf\":{\"@id\":\"https:\/\/www.h2ope.fr\/de\/#website\"},\"primaryImageOfPage\":{\"@id\":\"https:\/\/www.h2ope.fr\/de\/leistungen\/#primaryimage\"},\"image\":{\"@id\":\"https:\/\/www.h2ope.fr\/de\/leistungen\/#primaryimage\"},\"thumbnailUrl\":\"https:\/\/www.h2ope.fr\/wp-content\/uploads\/2019\/08\/baleine.png\",\"datePublished\":\"2019-08-17T14:33:48+00:00\",\"dateModified\":\"2019-09-12T09:02:13+00:00\",\"description\":\"H2OPE sorgt f\u00fcr die Erfassung, Sammlung und Sortierung der Wasserabf\u00e4lle und deren Integration in die Recycling- und Aufbereitungsanlagen.\",\"breadcrumb\":{\"@id\":\"https:\/\/www.h2ope.fr\/de\/leistungen\/#breadcrumb\"},\"inLanguage\":\"de\",\"potentialAction\":[{\"@type\":\"ReadAction\",\"target\":[\"https:\/\/www.h2ope.fr\/de\/leistungen\/\"]}]},{\"@type\":\"ImageObject\",\"inLanguage\":\"de\",\"@id\":\"https:\/\/www.h2ope.fr\/de\/leistungen\/#primaryimage\",\"url\":\"https:\/\/www.h2ope.fr\/wp-content\/uploads\/2019\/08\/baleine.png\",\"contentUrl\":\"https:\/\/www.h2ope.fr\/wp-content\/uploads\/2019\/08\/baleine.png\"},{\"@type\":\"BreadcrumbList\",\"@id\":\"https:\/\/www.h2ope.fr\/de\/leistungen\/#breadcrumb\",\"itemListElement\":[{\"@type\":\"ListItem\",\"position\":1,\"name\":\"Accueil\",\"item\":\"https:\/\/www.h2ope.fr\/de\/\"},{\"@type\":\"ListItem\",\"position\":2,\"name\":\"Unsere Leistungen: Erfassung, Sammlung und Sortierung von Abf\u00e4llen in Fl\u00fcssen\"}]},{\"@type\":\"WebSite\",\"@id\":\"https:\/\/www.h2ope.fr\/de\/#website\",\"url\":\"https:\/\/www.h2ope.fr\/de\/\",\"name\":\"H2ope\",\"description\":\"Collecte de d\u00e9chets en milieu aquatique\",\"potentialAction\":[{\"@type\":\"SearchAction\",\"target\":{\"@type\":\"EntryPoint\",\"urlTemplate\":\"https:\/\/www.h2ope.fr\/de\/?s={search_term_string}\"},\"query-input\":{\"@type\":\"PropertyValueSpecification\",\"valueRequired\":true,\"valueName\":\"search_term_string\"}}],\"inLanguage\":\"de\"}]}<\/script>\n<!-- \/ Yoast SEO plugin. -->","yoast_head_json":{"title":"Erfassung, Sammlung und Sortierung von Abf\u00e4llen in Wasserl\u00e4ufen | H2OPE","description":"H2OPE sorgt f\u00fcr die Erfassung, Sammlung und Sortierung der Wasserabf\u00e4lle und deren Integration in die Recycling- und Aufbereitungsanlagen.","robots":{"index":"index","follow":"follow","max-snippet":"max-snippet:-1","max-image-preview":"max-image-preview:large","max-video-preview":"max-video-preview:-1"},"canonical":"https:\/\/www.h2ope.fr\/de\/leistungen\/","og_locale":"de_DE","og_type":"article","og_title":"Erfassung, Sammlung und Sortierung von Abf\u00e4llen in Wasserl\u00e4ufen | H2OPE","og_description":"H2OPE sorgt f\u00fcr die Erfassung, Sammlung und Sortierung der Wasserabf\u00e4lle und deren Integration in die Recycling- und Aufbereitungsanlagen.","og_url":"https:\/\/www.h2ope.fr\/de\/leistungen\/","og_site_name":"H2ope","article_modified_time":"2019-09-12T09:02:13+00:00","og_image":[{"url":"https:\/\/www.h2ope.fr\/wp-content\/uploads\/2019\/08\/baleine.png","type":"","width":"","height":""}],"twitter_card":"summary_large_image","twitter_misc":{"Gesch\u00e4tzte Lesezeit":"1\u00a0Minute"},"schema":{"@context":"https:\/\/schema.org","@graph":[{"@type":"WebPage","@id":"https:\/\/www.h2ope.fr\/de\/leistungen\/","url":"https:\/\/www.h2ope.fr\/de\/leistungen\/","name":"Erfassung, Sammlung und Sortierung von Abf\u00e4llen in Wasserl\u00e4ufen | H2OPE","isPartOf":{"@id":"https:\/\/www.h2ope.fr\/de\/#website"},"primaryImageOfPage":{"@id":"https:\/\/www.h2ope.fr\/de\/leistungen\/#primaryimage"},"image":{"@id":"https:\/\/www.h2ope.fr\/de\/leistungen\/#primaryimage"},"thumbnailUrl":"https:\/\/www.h2ope.fr\/wp-content\/uploads\/2019\/08\/baleine.png","datePublished":"2019-08-17T14:33:48+00:00","dateModified":"2019-09-12T09:02:13+00:00","description":"H2OPE sorgt f\u00fcr die Erfassung, Sammlung und Sortierung der Wasserabf\u00e4lle und deren Integration in die Recycling- und Aufbereitungsanlagen.","breadcrumb":{"@id":"https:\/\/www.h2ope.fr\/de\/leistungen\/#breadcrumb"},"inLanguage":"de","potentialAction":[{"@type":"ReadAction","target":["https:\/\/www.h2ope.fr\/de\/leistungen\/"]}]},{"@type":"ImageObject","inLanguage":"de","@id":"https:\/\/www.h2ope.fr\/de\/leistungen\/#primaryimage","url":"https:\/\/www.h2ope.fr\/wp-content\/uploads\/2019\/08\/baleine.png","contentUrl":"https:\/\/www.h2ope.fr\/wp-content\/uploads\/2019\/08\/baleine.png"},{"@type":"BreadcrumbList","@id":"https:\/\/www.h2ope.fr\/de\/leistungen\/#breadcrumb","itemListElement":[{"@type":"ListItem","position":1,"name":"Accueil","item":"https:\/\/www.h2ope.fr\/de\/"},{"@type":"ListItem","position":2,"name":"Unsere Leistungen: Erfassung, Sammlung und Sortierung von Abf\u00e4llen in Fl\u00fcssen"}]},{"@type":"WebSite","@id":"https:\/\/www.h2ope.fr\/de\/#website","url":"https:\/\/www.h2ope.fr\/de\/","name":"H2ope","description":"Collecte de d\u00e9chets en milieu aquatique","potentialAction":[{"@type":"SearchAction","target":{"@type":"EntryPoint","urlTemplate":"https:\/\/www.h2ope.fr\/de\/?s={search_term_string}"},"query-input":{"@type":"PropertyValueSpecification","valueRequired":true,"valueName":"search_term_string"}}],"inLanguage":"de"}]}},"_links":{"self":[{"href":"https:\/\/www.h2ope.fr\/de\/wp-json\/wp\/v2\/pages\/324","targetHints":{"allow":["GET"]}}],"collection":[{"href":"https:\/\/www.h2ope.fr\/de\/wp-json\/wp\/v2\/pages"}],"about":[{"href":"https:\/\/www.h2ope.fr\/de\/wp-json\/wp\/v2\/types\/page"}],"author":[{"embeddable":true,"href":"https:\/\/www.h2ope.fr\/de\/wp-json\/wp\/v2\/users\/1"}],"replies":[{"embeddable":true,"href":"https:\/\/www.h2ope.fr\/de\/wp-json\/wp\/v2\/comments?post=324"}],"version-history":[{"count":5,"href":"https:\/\/www.h2ope.fr\/de\/wp-json\/wp\/v2\/pages\/324\/revisions"}],"predecessor-version":[{"id":431,"href":"https:\/\/www.h2ope.fr\/de\/wp-json\/wp\/v2\/pages\/324\/revisions\/431"}],"wp:attachment":[{"href":"https:\/\/www.h2ope.fr\/de\/wp-json\/wp\/v2\/media?parent=324"}],"curies":[{"name":"wp","href":"https:\/\/api.w.org\/{rel}","templated":true}]}}