{"id":326,"date":"2019-08-17T16:33:59","date_gmt":"2019-08-17T14:33:59","guid":{"rendered":"https:\/\/www.h2ope.fr\/lequipe\/"},"modified":"2019-09-10T21:32:53","modified_gmt":"2019-09-10T19:32:53","slug":"team","status":"publish","type":"page","link":"https:\/\/www.h2ope.fr\/de\/team\/","title":{"rendered":"Das H2OPE-Team k\u00e4mpft gegen die Verschmutzung von Fl\u00fcssen und Ozeanen"},"content":{"rendered":"\n<\/div><!-- Fermeture du container principal -->\n\n\n\r\n  <div class=\"banner_block first\">\r\n      <div class=\"banner_image\" style='background-image: url(\"https:\/\/www.h2ope.fr\/wp-content\/uploads\/2019\/08\/equipe-h2ope.jpg\");'>\r\n        <img decoding=\"async\" src=\"https:\/\/www.h2ope.fr\/wp-content\/uploads\/2019\/08\/equipe-h2ope.jpg\" alt=\"H2OPE team, Start-Up-Unternehmen aus Strassburg\" \/>\r\n      <\/div>\r\n      <div class=\"banner_text\">\r\n                    <p>H2OPE ist ein els\u00e4ssisches Start-up mit dem Ziel, die <strong>Verschmutzung von Fl\u00fcssen und Ozeanen<\/strong> zu bek\u00e4mpfen und sich aktiv am <strong>Umweltschutz<\/strong> zu beteiligen.<\/p>\n      <\/div>\r\n  <\/div>\n\n\n<p style=\"text-align:center\" class=\"copyright\">Von links nach recht : Brice Pasquier, S\u00e9bastien Mar\u00e9chal, David Bourcart.<br><em>\u00a9Lo\u00efc Chalmandrier \u2013 New vision<\/em><\/p>\n\n\n\n<div class=\"wrap cf\"><!-- R\u00e9ouverture du container principal -->\n\n\n\n<p><strong>S\u00e9bastien, Brice<\/strong> und <strong>David<\/strong>, die Mitbegr\u00fcnder, sind von der Dringlichkeit der <strong>Wasserumwelt Verschmutzung<\/strong>\u00a0 \u00fcberzeugt und m\u00f6chten desshalb <strong>konkrete und anpassungsf\u00e4hige L\u00f6sungen anbieten. <\/strong>Sie stellen sich 2017 das Prinzip der &#8222;<strong>SammelNetze&#8220;<\/strong> vor und entwickeln so das <strong><a title=\"River Whale, Fluss Abfallsammler\" href=\"https:\/\/www.h2ope.fr\/de\/\">&#8222;River Whale&#8220; Konzept<\/a><\/strong>. Nachdem sie den Projekt bei der Eurom\u00e9tropole Stra\u00dfburg vorgestellt haben, fertigten sie <strong>einen Prototyp aus Echtholz.<\/strong> Anfangs 2019 eine <strong>Demonstrationsphase<\/strong> in st\u00e4dtischen und au\u00dferst\u00e4dtischen Gebieten die Wirksamkeit des Konzepts. <strong>Mehr als 110 kg Siedlungsabf\u00e4lle<\/strong>, dessen sehr viele Kunststoffe, wurden in weniger als zwei Monaten in Zeiten geringer menschlicher Aktivit\u00e4t aus dem Wasser entfernt.<\/p>\n\n\n\n<div class=\"wp-block-columns has-3-columns is-layout-flex wp-container-core-columns-is-layout-9d6595d7 wp-block-columns-is-layout-flex\">\n<div class=\"wp-block-column is-layout-flow wp-block-column-is-layout-flow\">\n<figure class=\"wp-block-image\"><img loading=\"lazy\" decoding=\"async\" width=\"373\" height=\"222\" src=\"https:\/\/www.h2ope.fr\/wp-content\/uploads\/2019\/08\/dechets1.jpg\" alt=\"Fluss Abfall gesammelt im Strassburg von dem River Whale\" class=\"wp-image-102\"\/><\/figure>\n<\/div>\n\n\n\n<div class=\"wp-block-column is-layout-flow wp-block-column-is-layout-flow\">\n<figure class=\"wp-block-image\"><img loading=\"lazy\" decoding=\"async\" width=\"374\" height=\"221\" src=\"https:\/\/www.h2ope.fr\/wp-content\/uploads\/2019\/08\/dechets2.jpg\" alt=\"Fluss Abfall gesammelt im Strassburg\" class=\"wp-image-103\"\/><\/figure>\n<\/div>\n\n\n\n<div class=\"wp-block-column is-layout-flow wp-block-column-is-layout-flow\">\n<figure class=\"wp-block-image\"><img loading=\"lazy\" decoding=\"async\" width=\"375\" height=\"221\" src=\"https:\/\/www.h2ope.fr\/wp-content\/uploads\/2019\/08\/dechets3.jpg\" alt=\"Fluss Abfall gesammelt von dem River Whale\" class=\"wp-image-104\"\/><\/figure>\n<\/div>\n<\/div>\n","protected":false},"excerpt":{"rendered":"<p>Von links nach recht : Brice Pasquier, S\u00e9bastien Mar\u00e9chal, David Bourcart.\u00a9Lo\u00efc Chalmandrier \u2013 New vision S\u00e9bastien, Brice und David, die Mitbegr\u00fcnder, sind von der Dringlichkeit der Wasserumwelt Verschmutzung\u00a0 \u00fcberzeugt und m\u00f6chten desshalb konkrete und anpassungsf\u00e4hige L\u00f6sungen anbieten. Sie stellen sich 2017 das Prinzip der &#8222;SammelNetze&#8220; vor und entwickeln so das &#8222;River Whale&#8220; Konzept. Nachdem sie&#8230;  <a class=\"excerpt-read-more\" href=\"https:\/\/www.h2ope.fr\/de\/team\/\" title=\"Read Das H2OPE-Team k\u00e4mpft gegen die Verschmutzung von Fl\u00fcssen und Ozeanen\"><\/a><\/p>\n","protected":false},"author":1,"featured_media":0,"parent":0,"menu_order":0,"comment_status":"closed","ping_status":"closed","template":"","meta":{"_acf_changed":false,"footnotes":""},"class_list":["post-326","page","type-page","status-publish","hentry"],"acf":[],"yoast_head":"<!-- This site is optimized with the Yoast SEO plugin v27.2 - https:\/\/yoast.com\/product\/yoast-seo-wordpress\/ -->\n<title>H2OPE Team, eine Start-up, die gegen Verschmutzung von Fl\u00fcssen und Ozeanen entgegenwirkt<\/title>\n<meta name=\"description\" content=\"Vorstellung des H2OPE-Teams, eines els\u00e4ssischen Start-ups, das sich gegen die Verschmutzung von Fl\u00fcssen einsetzt und so zum Umweltschutz beitr\u00e4gt\" \/>\n<meta name=\"robots\" content=\"index, follow, max-snippet:-1, max-image-preview:large, max-video-preview:-1\" \/>\n<link rel=\"canonical\" href=\"https:\/\/www.h2ope.fr\/de\/team\/\" \/>\n<meta property=\"og:locale\" content=\"de_DE\" \/>\n<meta property=\"og:type\" content=\"article\" \/>\n<meta property=\"og:title\" content=\"H2OPE Team, eine Start-up, die gegen Verschmutzung von Fl\u00fcssen und Ozeanen entgegenwirkt\" \/>\n<meta property=\"og:description\" content=\"Vorstellung des H2OPE-Teams, eines els\u00e4ssischen Start-ups, das sich gegen die Verschmutzung von Fl\u00fcssen einsetzt und so zum Umweltschutz beitr\u00e4gt\" \/>\n<meta property=\"og:url\" content=\"https:\/\/www.h2ope.fr\/de\/team\/\" \/>\n<meta property=\"og:site_name\" content=\"H2ope\" \/>\n<meta property=\"article:modified_time\" content=\"2019-09-10T19:32:53+00:00\" \/>\n<meta property=\"og:image\" content=\"https:\/\/www.h2ope.fr\/wp-content\/uploads\/2019\/08\/dechets1.jpg\" \/>\n<meta name=\"twitter:card\" content=\"summary_large_image\" \/>\n<meta name=\"twitter:label1\" content=\"Gesch\u00e4tzte Lesezeit\" \/>\n\t<meta name=\"twitter:data1\" content=\"1\u00a0Minute\" \/>\n<script type=\"application\/ld+json\" class=\"yoast-schema-graph\">{\"@context\":\"https:\/\/schema.org\",\"@graph\":[{\"@type\":\"WebPage\",\"@id\":\"https:\/\/www.h2ope.fr\/de\/team\/\",\"url\":\"https:\/\/www.h2ope.fr\/de\/team\/\",\"name\":\"H2OPE Team, eine Start-up, die gegen Verschmutzung von Fl\u00fcssen und Ozeanen entgegenwirkt\",\"isPartOf\":{\"@id\":\"https:\/\/www.h2ope.fr\/de\/#website\"},\"primaryImageOfPage\":{\"@id\":\"https:\/\/www.h2ope.fr\/de\/team\/#primaryimage\"},\"image\":{\"@id\":\"https:\/\/www.h2ope.fr\/de\/team\/#primaryimage\"},\"thumbnailUrl\":\"https:\/\/www.h2ope.fr\/wp-content\/uploads\/2019\/08\/dechets1.jpg\",\"datePublished\":\"2019-08-17T14:33:59+00:00\",\"dateModified\":\"2019-09-10T19:32:53+00:00\",\"description\":\"Vorstellung des H2OPE-Teams, eines els\u00e4ssischen Start-ups, das sich gegen die Verschmutzung von Fl\u00fcssen einsetzt und so zum Umweltschutz beitr\u00e4gt\",\"breadcrumb\":{\"@id\":\"https:\/\/www.h2ope.fr\/de\/team\/#breadcrumb\"},\"inLanguage\":\"de\",\"potentialAction\":[{\"@type\":\"ReadAction\",\"target\":[\"https:\/\/www.h2ope.fr\/de\/team\/\"]}]},{\"@type\":\"ImageObject\",\"inLanguage\":\"de\",\"@id\":\"https:\/\/www.h2ope.fr\/de\/team\/#primaryimage\",\"url\":\"https:\/\/www.h2ope.fr\/wp-content\/uploads\/2019\/08\/dechets1.jpg\",\"contentUrl\":\"https:\/\/www.h2ope.fr\/wp-content\/uploads\/2019\/08\/dechets1.jpg\"},{\"@type\":\"BreadcrumbList\",\"@id\":\"https:\/\/www.h2ope.fr\/de\/team\/#breadcrumb\",\"itemListElement\":[{\"@type\":\"ListItem\",\"position\":1,\"name\":\"Accueil\",\"item\":\"https:\/\/www.h2ope.fr\/de\/\"},{\"@type\":\"ListItem\",\"position\":2,\"name\":\"Das H2OPE-Team k\u00e4mpft gegen die Verschmutzung von Fl\u00fcssen und Ozeanen\"}]},{\"@type\":\"WebSite\",\"@id\":\"https:\/\/www.h2ope.fr\/de\/#website\",\"url\":\"https:\/\/www.h2ope.fr\/de\/\",\"name\":\"H2ope\",\"description\":\"Collecte de d\u00e9chets en milieu aquatique\",\"potentialAction\":[{\"@type\":\"SearchAction\",\"target\":{\"@type\":\"EntryPoint\",\"urlTemplate\":\"https:\/\/www.h2ope.fr\/de\/?s={search_term_string}\"},\"query-input\":{\"@type\":\"PropertyValueSpecification\",\"valueRequired\":true,\"valueName\":\"search_term_string\"}}],\"inLanguage\":\"de\"}]}<\/script>\n<!-- \/ Yoast SEO plugin. -->","yoast_head_json":{"title":"H2OPE Team, eine Start-up, die gegen Verschmutzung von Fl\u00fcssen und Ozeanen entgegenwirkt","description":"Vorstellung des H2OPE-Teams, eines els\u00e4ssischen Start-ups, das sich gegen die Verschmutzung von Fl\u00fcssen einsetzt und so zum Umweltschutz beitr\u00e4gt","robots":{"index":"index","follow":"follow","max-snippet":"max-snippet:-1","max-image-preview":"max-image-preview:large","max-video-preview":"max-video-preview:-1"},"canonical":"https:\/\/www.h2ope.fr\/de\/team\/","og_locale":"de_DE","og_type":"article","og_title":"H2OPE Team, eine Start-up, die gegen Verschmutzung von Fl\u00fcssen und Ozeanen entgegenwirkt","og_description":"Vorstellung des H2OPE-Teams, eines els\u00e4ssischen Start-ups, das sich gegen die Verschmutzung von Fl\u00fcssen einsetzt und so zum Umweltschutz beitr\u00e4gt","og_url":"https:\/\/www.h2ope.fr\/de\/team\/","og_site_name":"H2ope","article_modified_time":"2019-09-10T19:32:53+00:00","og_image":[{"url":"https:\/\/www.h2ope.fr\/wp-content\/uploads\/2019\/08\/dechets1.jpg","type":"","width":"","height":""}],"twitter_card":"summary_large_image","twitter_misc":{"Gesch\u00e4tzte Lesezeit":"1\u00a0Minute"},"schema":{"@context":"https:\/\/schema.org","@graph":[{"@type":"WebPage","@id":"https:\/\/www.h2ope.fr\/de\/team\/","url":"https:\/\/www.h2ope.fr\/de\/team\/","name":"H2OPE Team, eine Start-up, die gegen Verschmutzung von Fl\u00fcssen und Ozeanen entgegenwirkt","isPartOf":{"@id":"https:\/\/www.h2ope.fr\/de\/#website"},"primaryImageOfPage":{"@id":"https:\/\/www.h2ope.fr\/de\/team\/#primaryimage"},"image":{"@id":"https:\/\/www.h2ope.fr\/de\/team\/#primaryimage"},"thumbnailUrl":"https:\/\/www.h2ope.fr\/wp-content\/uploads\/2019\/08\/dechets1.jpg","datePublished":"2019-08-17T14:33:59+00:00","dateModified":"2019-09-10T19:32:53+00:00","description":"Vorstellung des H2OPE-Teams, eines els\u00e4ssischen Start-ups, das sich gegen die Verschmutzung von Fl\u00fcssen einsetzt und so zum Umweltschutz beitr\u00e4gt","breadcrumb":{"@id":"https:\/\/www.h2ope.fr\/de\/team\/#breadcrumb"},"inLanguage":"de","potentialAction":[{"@type":"ReadAction","target":["https:\/\/www.h2ope.fr\/de\/team\/"]}]},{"@type":"ImageObject","inLanguage":"de","@id":"https:\/\/www.h2ope.fr\/de\/team\/#primaryimage","url":"https:\/\/www.h2ope.fr\/wp-content\/uploads\/2019\/08\/dechets1.jpg","contentUrl":"https:\/\/www.h2ope.fr\/wp-content\/uploads\/2019\/08\/dechets1.jpg"},{"@type":"BreadcrumbList","@id":"https:\/\/www.h2ope.fr\/de\/team\/#breadcrumb","itemListElement":[{"@type":"ListItem","position":1,"name":"Accueil","item":"https:\/\/www.h2ope.fr\/de\/"},{"@type":"ListItem","position":2,"name":"Das H2OPE-Team k\u00e4mpft gegen die Verschmutzung von Fl\u00fcssen und Ozeanen"}]},{"@type":"WebSite","@id":"https:\/\/www.h2ope.fr\/de\/#website","url":"https:\/\/www.h2ope.fr\/de\/","name":"H2ope","description":"Collecte de d\u00e9chets en milieu aquatique","potentialAction":[{"@type":"SearchAction","target":{"@type":"EntryPoint","urlTemplate":"https:\/\/www.h2ope.fr\/de\/?s={search_term_string}"},"query-input":{"@type":"PropertyValueSpecification","valueRequired":true,"valueName":"search_term_string"}}],"inLanguage":"de"}]}},"_links":{"self":[{"href":"https:\/\/www.h2ope.fr\/de\/wp-json\/wp\/v2\/pages\/326","targetHints":{"allow":["GET"]}}],"collection":[{"href":"https:\/\/www.h2ope.fr\/de\/wp-json\/wp\/v2\/pages"}],"about":[{"href":"https:\/\/www.h2ope.fr\/de\/wp-json\/wp\/v2\/types\/page"}],"author":[{"embeddable":true,"href":"https:\/\/www.h2ope.fr\/de\/wp-json\/wp\/v2\/users\/1"}],"replies":[{"embeddable":true,"href":"https:\/\/www.h2ope.fr\/de\/wp-json\/wp\/v2\/comments?post=326"}],"version-history":[{"count":6,"href":"https:\/\/www.h2ope.fr\/de\/wp-json\/wp\/v2\/pages\/326\/revisions"}],"predecessor-version":[{"id":421,"href":"https:\/\/www.h2ope.fr\/de\/wp-json\/wp\/v2\/pages\/326\/revisions\/421"}],"wp:attachment":[{"href":"https:\/\/www.h2ope.fr\/de\/wp-json\/wp\/v2\/media?parent=326"}],"curies":[{"name":"wp","href":"https:\/\/api.w.org\/{rel}","templated":true}]}}