{"id":345,"date":"2019-08-17T12:21:50","date_gmt":"2019-08-17T10:21:50","guid":{"rendered":"https:\/\/www.h2ope.fr\/mentions-legales\/"},"modified":"2019-09-10T15:52:58","modified_gmt":"2019-09-10T13:52:58","slug":"terms-of-use","status":"publish","type":"page","link":"https:\/\/www.h2ope.fr\/en\/terms-of-use\/","title":{"rendered":"Terms of use"},"content":{"rendered":"\n<h3 class=\"wp-block-heading\">Identification de l\u2019\u00e9diteur et de l\u2019h\u00e9bergeur du site<\/h3>\n\n\n\n<div class=\"wp-block-columns has-2-columns is-layout-flex wp-container-core-columns-is-layout-9d6595d7 wp-block-columns-is-layout-flex\">\n<div class=\"wp-block-column is-layout-flow wp-block-column-is-layout-flow\">\n<p><strong>Directeur de publication :<\/strong><br>David Bourcart<br>19, Av. du Schlossgarten<br>6711867 GEISPOLSHEIM<\/p>\n<\/div>\n\n\n\n<div class=\"wp-block-column is-layout-flow wp-block-column-is-layout-flow\">\n<p><strong>H\u00e9bergeur du site :<\/strong><br>OVH<br>2 rue Kellermann<br>59100 Roubaix<\/p>\n<\/div>\n<\/div>\n\n\n\n<h3 class=\"wp-block-heading\">Cr\u00e9dits<\/h3>\n\n\n\n<div class=\"wp-block-columns has-2-columns is-layout-flex wp-container-core-columns-is-layout-9d6595d7 wp-block-columns-is-layout-flex\">\n<div class=\"wp-block-column is-layout-flow wp-block-column-is-layout-flow\">\n<p><strong>Cr\u00e9ation du site internet<\/strong><br><a href=\"https:\/\/www.echappee-web.fr\/\">Echapp\u00e9e Web, webmaster freelance<\/a><br><a href=\"mailto:contact@echappee-web.fr\">contact@echappee-web.fr<\/a> <\/p>\n<\/div>\n\n\n\n<div class=\"wp-block-column is-layout-flow wp-block-column-is-layout-flow\">\n<p><strong>R\u00e9f\u00e9rencement naturel<br><\/strong><a href=\"https:\/\/www.coati-referencement.fr\/\">Coati R\u00e9f\u00e9rencement, consultant SEA et SEO<\/a><br><a href=\"mailto:cedric@coati-referencement.fr\">cedric@coati-referencement.fr<\/a><\/p>\n<\/div>\n<\/div>\n\n\n\n<h3 class=\"wp-block-heading\">Copyrights illustrations et photos<\/h3>\n\n\n\n<h4 class=\"wp-block-heading\">El\u00e9ments graphiques libres de droit<\/h4>\n\n\n\n<ul class=\"wp-block-list\"><li>Fond \u00ab&nbsp;bulles&nbsp;\u00bb&nbsp;: <a href=\"https:\/\/fr.freepik.com\/photos-vecteurs-libre\/fond\">Fond vecteur cr\u00e9\u00e9 par freepik &#8211; fr.freepik.com<\/a><\/li><li>Illustrations de baleine&nbsp;: Image from rawpixel.com<\/li><li><em>Recycle<\/em> by Tom Fricker from the Noun Project<\/li><li><em>width <\/em>by Arthur Shlain from the Noun Project<\/li><li><em>Waste <\/em>by Akash from the Noun Project<\/li><li><em>sticker <\/em>by Till Teenck from the Noun Project<\/li><li><em>France <\/em>by Zarthon from the Noun Project<\/li><li><em>hand hold <\/em>by icon4yu from the Noun Project<\/li><\/ul>\n\n\n\n<h2 class=\"wp-block-heading\">Protection des donn\u00e9es personnelles<\/h2>\n\n\n\n<h3 class=\"wp-block-heading\">Donn\u00e9es recueillies via le formulaire de contact<\/h3>\n\n\n\n<p>Les donn\u00e9es personnelles recueillies via le formulaire de\ncontact sont les suivantes :<\/p>\n\n\n\n<ul class=\"wp-block-list\"><li>Nom<\/li><li>Adresse email<\/li><li>Num\u00e9ro de t\u00e9l\u00e9phone<\/li><\/ul>\n\n\n\n<p>Elles sont uniquement transmises par email et peuvent \u00eatre\nstock\u00e9s pour une dur\u00e9e maximum de 3 ans (6 ans si vous avez une relation\ncontractuelle avec H2OPE). Les donn\u00e9es sont simplement utilis\u00e9es pour r\u00e9pondre\n\u00e0 votre demande adress\u00e9e via le formulaire et ne sont transmises \u00e0 aucun autre\norganisme.<\/p>\n\n\n\n<h3 class=\"wp-block-heading\">Statistiques et mesures d\u2019audience<\/h3>\n\n\n\n<p>Ce site utilise des cookies de mesure d\u2019audience de Google Analytics. Google Analytics est susceptible de recueillir votre adresse IP. Cependant, celle-ci est anonymis\u00e9e avant d\u2019\u00eatre transmise \u00e0 Google Analytics (deux derniers bytes de l\u2019adresse IP pass\u00e9s \u00e0 0).<br>Les cookies de mesure d\u2019audience permettent d\u2019\u00e9tablir des statistiques sur la fr\u00e9quentation et l\u2019utilisation de divers \u00e9l\u00e9ments du site web (comme par exemple les contenus ou pages que vous avez visit\u00e9). Ces donn\u00e9es participent \u00e0 l\u2019am\u00e9lioration de l\u2019ergonomie du site web de H2OPE.<\/p>\n\n\n\n<p><a href=\"https:\/\/support.google.com\/analytics\/answer\/6004245?hl=fr&amp;utm_id=ad\">Voir\nla politique de protection des donn\u00e9es de Google Analytics<\/a><\/p>\n\n\n\n<h3 class=\"wp-block-heading\">S\u00e9curit\u00e9 du site<\/h3>\n\n\n\n<p>Le site h2ope.fr utilise Wordfence comme syst\u00e8me de\ns\u00e9curit\u00e9. Ce plugin rel\u00e8ve automatiquement les adresses IP des visiteurs du\nsite, dans le but de signaler les attaques malveillantes contre le site h2ope.fr\net y parer le cas \u00e9ch\u00e9ant (espacer les essais de connexion, etc.). Cette\nadresse IP peut \u00eatre envoy\u00e9e sur les serveurs de Wordfence, situ\u00e9s aux\nEtats-Unis, si le comportement suivi a \u00e9t\u00e9 d\u00e9tect\u00e9 comme \u00e9tant malicieux (par\nexemple : l\u2019adresse IP suit un motif typiquement utilis\u00e9 par les hackers, des\ntentatives de hacking ont \u00e9t\u00e9 identifi\u00e9es sur le site, tentative d\u2019acc\u00e8s \u00e0\nl\u2019administration du site avec un identifiant non reconnu, \u2026). Dans le cas d\u2019une\nutilisation normale du site internet h2ope.fr, votre adresse IP ne sera pas\ntransmise \u00e0 Wordfence.<\/p>\n\n\n\n<p><a href=\"https:\/\/www.wordfence.com\/privacy-policy\/\">Consulter\nla politique de confidentialit\u00e9 de Wordfence.<\/a><\/p>\n\n\n\n<p><a href=\"https:\/\/www.h2ope.fr\/wp-content\/uploads\/2019\/08\/Wordfence-DPA-David-Bourcart-H2OPE_28.08.2019.pdf\" target=\"_blank\" rel=\"noreferrer noopener\" aria-label=\"Voir le contrat de traitement de donn\u00e9es entre Wordfence et H2OPE (s\u2019ouvre dans un nouvel onglet)\">Voir le contrat de traitement de donn\u00e9es entre Wordfence et H2OPE<\/a><\/p>\n\n\n\n<h3 class=\"wp-block-heading\">Contenu embarqu\u00e9 depuis d\u2019autres sites<\/h3>\n\n\n\n<p>Les articles de ce site peuvent inclure des contenus\nint\u00e9gr\u00e9s (par exemple des vid\u00e9os, images, articles\u2026). Le contenu int\u00e9gr\u00e9 depuis\nd\u2019autres sites se comporte de la m\u00eame mani\u00e8re que si le visiteur se rendait sur\ncet autre site.<\/p>\n\n\n\n<p>Ces sites web pourraient collecter des donn\u00e9es sur vous,\nutiliser des cookies, embarquer des outils de suivis tiers, suivre vos\ninteractions avec ces contenus embarqu\u00e9s si vous disposez d\u2019un compte connect\u00e9\nsur leur site web.<\/p>\n\n\n\n<h3 class=\"wp-block-heading\">Utilisation et transmission de vos donn\u00e9es personnelles<\/h3>\n\n\n\n<p>Nous pouvons \u00eatre amen\u00e9s \u00e0 partager vos donn\u00e9es avec les\nservices que nous utilisons sur le site (selon les conditions d\u00e9crites plus\nhaut) :<\/p>\n\n\n\n<ul class=\"wp-block-list\"><li>Google Analytics (mesures d\u2019audience) \u2013 situ\u00e9 aux Etats Unis<br> <a href=\"https:\/\/support.google.com\/analytics\/answer\/6004245?hl=fr&amp;utm_id=ad\">Voir la politique de confidentialit\u00e9<\/a><\/li><li>Wordfence (plugin de s\u00e9curit\u00e9) \u2013 situ\u00e9 aux Etats Unis<br> <a href=\"https:\/\/www.wordfence.com\/privacy-policy\/\">Voir la politique de confidentialit\u00e9<\/a><br><a href=\"https:\/\/www.h2ope.fr\/wp-content\/uploads\/2019\/08\/Wordfence-DPA-David-Bourcart-H2OPE_28.08.2019.pdf\" target=\"_blank\" rel=\"noreferrer noopener\" aria-label=\"Voir le contrat de traitement de donn\u00e9es entre H2OPE et Wordfence (s\u2019ouvre dans un nouvel onglet)\">Voir le contrat de traitement de donn\u00e9es entre H2OPE et Wordfence<\/a><\/li><\/ul>\n\n\n\n<h3 class=\"wp-block-heading\">Cookies<\/h3>\n\n\n\n<p>Un cookie est un petit fichier texte que les sites internet\nenregistrent sur votre support (ordinateur, tablette ou appareil mobile)\nlorsque vous les consultez. Il permet \u00e0 ces sites d\u2019enregistrer vos actions et\npr\u00e9f\u00e9rences pendant une dur\u00e9e donn\u00e9e.<\/p>\n\n\n\n<p>Le site H2OPE utilise des cookies \u00e0 des fins statistiques\npour obtenir des mesures de fr\u00e9quentation, conna\u00eetre le comportement des\nvisiteurs et am\u00e9liorer leur exp\u00e9rience sur le site.<\/p>\n\n\n\n<p>Les cookies ci-dessous peuvent \u00eatre pos\u00e9s \u00e0 l\u2019occasion de\nvotre visite sur le site H2OPE :<\/p>\n\n\n\n<table class=\"wp-block-table table-responsive\"><thead><tr><th>Nom<\/th><th>Description<\/th><th>Date d\u2019expiration<\/th><\/tr><\/thead><tbody>\n\t<tr><td data-title=\"Nom\">SERVERID585<\/td><td data-title=\"Description\">Cookie technique.<br>Impos\u00e9 par l\u2019h\u00e9bergeur du site (OVH) \u00e0 chaque session<\/td><td data-title=\"Date d'expiration\">Session<\/td><\/tr><tr><td data-title=\"Nom\">_ga<\/td><td data-title=\"Description\">Cookie Analytics, utilis\u00e9 \u00e0 des fins statistiques<br>Enregistre un identifiant unique utilis\u00e9 pour g\u00e9n\u00e9rer des donn\u00e9es statistiques sur la fa\u00e7on dont le visiteur utilise le site.<\/td><td data-title=\"Date d'expiration\">13 mois<\/td><\/tr><tr><td data-title=\"Nom\">_gat<\/td><td data-title=\"Description\">Cookie Analytics, utilis\u00e9 \u00e0 des fins statistiques<br>Utilis\u00e9 par Google Analytics pour diminuer radicalement le taux de requ\u00eates<\/td><td data-title=\"Date d'expiration\">1 minute<\/td><\/tr><tr><td data-title=\"Nom\">_gid<\/td><td data-title=\"Description\">Cookie Analytics, utilis\u00e9 \u00e0 des fins statistiques<br>Enregistre un identifiant unique utilis\u00e9 pour g\u00e9n\u00e9rer des donn\u00e9es statistiques sur la fa\u00e7on dont le visiteur utilise le site.<\/td><td data-title=\"Date d'expiration\">1 jour<\/td><\/tr><tr><td data-title=\"Nom\">tarteaucitron<\/td><td data-title=\"Description\">Cookie technique.<br>M\u00e9morise votre consentement ou opposition au d\u00e9p\u00f4t des cookies<\/td><td data-title=\"Date d'expiration\">1 an<\/td><\/tr><\/tbody>\n<\/table>\n\n\n\n<h3 class=\"wp-block-heading\">Gestion du consentement<\/h3>\n\n\n\n<p>Vous pouvez facilement consentir ou vous opposer au d\u00e9p\u00f4t de\ncookies sur ce site. Pour consentir au d\u00e9p\u00f4t des cookies, cliquez sur le bouton\n\u00ab <strong>OK, tout accepter <\/strong>\u00bb dans le\nbandeau en bas de l\u2019\u00e9cran (ce-dernier n\u2019est pas visible si vous y avez d\u00e9j\u00e0\nconsenti ou avez poursuivi votre navigation sur le site). Pour modifier votre\nchoix, utilisez le bouton \u00ab <strong>Gestion des\ncookies <\/strong>\u00bb situ\u00e9 en bas de page.<\/p>\n\n\n\n<p>Cela n\u2019est pas valable pour les cookies techniques, qui sont\nexempt\u00e9s de consentement.<\/p>\n\n\n\n<p>Cependant, vous pouvez contr\u00f4ler le d\u00e9p\u00f4t de tous les\ncookies comme vous le souhaitez. Il est possible de supprimer tous les cookies\nd\u00e9j\u00e0 stock\u00e9s sur votre ordinateur et de configurer les principaux navigateurs\nweb pour qu\u2019ils les bloquent. Toutefois, dans ce cas, vous devrez peut-\u00eatre\nindiquer vous-m\u00eame certaines pr\u00e9f\u00e9rences chaque fois que vous vous rendrez sur\nun site, et certains services et fonctionnalit\u00e9s risquent de ne pas \u00eatre\naccessibles.<\/p>\n\n\n\n<p>Vous pouvez configurer votre ordinateur de la mani\u00e8re\nsuivante, pour refuser l\u2019installation des cookies :<\/p>\n\n\n\n<ul class=\"wp-block-list\"><li><strong>Sous\nInternet Explorer<\/strong> : onglet outil (pictogramme en forme de rouage en haut \u00e0\ndroite) \/ options internet. Cliquez sur Confidentialit\u00e9, puis sur Avanc\u00e9 et\nchoisissez \u00ab Refuser \u00bb au niveau des deux boutons radio affich\u00e9s. Validez en\ncliquant sur OK.<\/li><li><strong>Sous\nFirefox<\/strong> : en haut de la fen\u00eatre du navigateur, cliquez sur le pictogramme\nde menu (symbolis\u00e9 par trois barres), puis allez dans l\u2019onglet Options. Cliquez\nsur l\u2019onglet Vie priv\u00e9e et s\u00e9curit\u00e9. Cochez le bouton radio \u00ab Bloquer les\ncookies et les donn\u00e9es de sites (peut emp\u00eacher certains sites de fonctionner) \u00bb<\/li><li><strong>Sous\nSafari<\/strong> : Cliquez en haut \u00e0 droite du navigateur sur le pictogramme de menu\n(symbolis\u00e9 par un rouage). S\u00e9lectionnez Pr\u00e9f\u00e9rences. Dans la section \u00ab\nConfidentialit\u00e9 \u00bb, choisissez le bouton \u00ab Toujours \u00bb apr\u00e8s \u00ab Bloquer les\ncookies \u00bb.<\/li><li><strong>Sous\nChrome<\/strong> : Cliquez en haut \u00e0 droite du navigateur sur le pictogramme de menu\n(symbolis\u00e9 par trois points). S\u00e9lectionnez Param\u00e8tres. Cliquez sur Afficher les\nparam\u00e8tres avanc\u00e9s. Dans la section \u00ab Confidentialit\u00e9 \u00bb, cliquez sur\npr\u00e9f\u00e9rences. Dans l\u2019onglet \u00ab Confidentialit\u00e9 \u00bb, vous pouvez bloquer les\ncookies.<\/li><\/ul>\n\n\n\n<h3 class=\"wp-block-heading\">Comment nous prot\u00e9geons vos donn\u00e9es <\/h3>\n\n\n\n<p>Les donn\u00e9es transitant par le site sont s\u00e9curis\u00e9es afin de\nvous garantir la confidentialit\u00e9. Notre site est s\u00e9curis\u00e9 gr\u00e2ce au protocole\nHTTPS. L\u2019acc\u00e8s au back-office du site est prot\u00e9g\u00e9 gr\u00e2ce \u00e0 l\u2019utilisation de mots\nde passe complexes. Enfin, nous utilisons un plugin de s\u00e9curit\u00e9 afin de\nprot\u00e9ger au mieux vos donn\u00e9es.<\/p>\n","protected":false},"excerpt":{"rendered":"<p>Identification de l\u2019\u00e9diteur et de l\u2019h\u00e9bergeur du site Directeur de publication :David Bourcart19, Av. du Schlossgarten6711867 GEISPOLSHEIM H\u00e9bergeur du site :OVH2 rue Kellermann59100 Roubaix Cr\u00e9dits Cr\u00e9ation du site internetEchapp\u00e9e Web, webmaster freelancecontact@echappee-web.fr R\u00e9f\u00e9rencement naturelCoati R\u00e9f\u00e9rencement, consultant SEA et SEOcedric@coati-referencement.fr Copyrights illustrations et photos El\u00e9ments graphiques libres de droit Fond \u00ab&nbsp;bulles&nbsp;\u00bb&nbsp;: Fond vecteur cr\u00e9\u00e9 par freepik&#8230;  <a class=\"excerpt-read-more\" href=\"https:\/\/www.h2ope.fr\/en\/terms-of-use\/\" title=\"Read Terms of use\"><\/a><\/p>\n","protected":false},"author":1,"featured_media":0,"parent":0,"menu_order":0,"comment_status":"closed","ping_status":"open","template":"","meta":{"_acf_changed":false,"footnotes":""},"class_list":["post-345","page","type-page","status-publish","hentry"],"acf":[],"yoast_head":"<!-- This site is optimized with the Yoast SEO plugin v27.2 - https:\/\/yoast.com\/product\/yoast-seo-wordpress\/ -->\n<title>Terms of use | H2ope<\/title>\n<meta name=\"robots\" content=\"noindex, follow\" \/>\n<meta property=\"og:locale\" content=\"en_US\" \/>\n<meta property=\"og:type\" content=\"article\" \/>\n<meta property=\"og:title\" content=\"Terms of use | H2ope\" \/>\n<meta property=\"og:description\" content=\"Identification de l\u2019\u00e9diteur et de l\u2019h\u00e9bergeur du site Directeur de publication :David Bourcart19, Av. du Schlossgarten6711867 GEISPOLSHEIM H\u00e9bergeur du site :OVH2 rue Kellermann59100 Roubaix Cr\u00e9dits Cr\u00e9ation du site internetEchapp\u00e9e Web, webmaster freelancecontact@echappee-web.fr R\u00e9f\u00e9rencement naturelCoati R\u00e9f\u00e9rencement, consultant SEA et SEOcedric@coati-referencement.fr Copyrights illustrations et photos El\u00e9ments graphiques libres de droit Fond \u00ab&nbsp;bulles&nbsp;\u00bb&nbsp;: Fond vecteur cr\u00e9\u00e9 par freepik...\" \/>\n<meta property=\"og:url\" content=\"https:\/\/www.h2ope.fr\/en\/terms-of-use\/\" \/>\n<meta property=\"og:site_name\" content=\"H2ope\" \/>\n<meta property=\"article:modified_time\" content=\"2019-09-10T13:52:58+00:00\" \/>\n<meta name=\"twitter:card\" content=\"summary_large_image\" \/>\n<meta name=\"twitter:label1\" content=\"Est. reading time\" \/>\n\t<meta name=\"twitter:data1\" content=\"6 minutes\" \/>\n<script type=\"application\/ld+json\" class=\"yoast-schema-graph\">{\"@context\":\"https:\/\/schema.org\",\"@graph\":[{\"@type\":\"WebPage\",\"@id\":\"https:\/\/www.h2ope.fr\/en\/terms-of-use\/\",\"url\":\"https:\/\/www.h2ope.fr\/en\/terms-of-use\/\",\"name\":\"Terms of use | H2ope\",\"isPartOf\":{\"@id\":\"https:\/\/www.h2ope.fr\/en\/#website\"},\"datePublished\":\"2019-08-17T10:21:50+00:00\",\"dateModified\":\"2019-09-10T13:52:58+00:00\",\"breadcrumb\":{\"@id\":\"https:\/\/www.h2ope.fr\/en\/terms-of-use\/#breadcrumb\"},\"inLanguage\":\"en-US\",\"potentialAction\":[{\"@type\":\"ReadAction\",\"target\":[\"https:\/\/www.h2ope.fr\/en\/terms-of-use\/\"]}]},{\"@type\":\"BreadcrumbList\",\"@id\":\"https:\/\/www.h2ope.fr\/en\/terms-of-use\/#breadcrumb\",\"itemListElement\":[{\"@type\":\"ListItem\",\"position\":1,\"name\":\"Accueil\",\"item\":\"https:\/\/www.h2ope.fr\/en\/\"},{\"@type\":\"ListItem\",\"position\":2,\"name\":\"Terms of use\"}]},{\"@type\":\"WebSite\",\"@id\":\"https:\/\/www.h2ope.fr\/en\/#website\",\"url\":\"https:\/\/www.h2ope.fr\/en\/\",\"name\":\"H2ope\",\"description\":\"Collecte de d\u00e9chets en milieu aquatique\",\"potentialAction\":[{\"@type\":\"SearchAction\",\"target\":{\"@type\":\"EntryPoint\",\"urlTemplate\":\"https:\/\/www.h2ope.fr\/en\/?s={search_term_string}\"},\"query-input\":{\"@type\":\"PropertyValueSpecification\",\"valueRequired\":true,\"valueName\":\"search_term_string\"}}],\"inLanguage\":\"en-US\"}]}<\/script>\n<!-- \/ Yoast SEO plugin. -->","yoast_head_json":{"title":"Terms of use | H2ope","robots":{"index":"noindex","follow":"follow"},"og_locale":"en_US","og_type":"article","og_title":"Terms of use | H2ope","og_description":"Identification de l\u2019\u00e9diteur et de l\u2019h\u00e9bergeur du site Directeur de publication :David Bourcart19, Av. du Schlossgarten6711867 GEISPOLSHEIM H\u00e9bergeur du site :OVH2 rue Kellermann59100 Roubaix Cr\u00e9dits Cr\u00e9ation du site internetEchapp\u00e9e Web, webmaster freelancecontact@echappee-web.fr R\u00e9f\u00e9rencement naturelCoati R\u00e9f\u00e9rencement, consultant SEA et SEOcedric@coati-referencement.fr Copyrights illustrations et photos El\u00e9ments graphiques libres de droit Fond \u00ab&nbsp;bulles&nbsp;\u00bb&nbsp;: Fond vecteur cr\u00e9\u00e9 par freepik...","og_url":"https:\/\/www.h2ope.fr\/en\/terms-of-use\/","og_site_name":"H2ope","article_modified_time":"2019-09-10T13:52:58+00:00","twitter_card":"summary_large_image","twitter_misc":{"Est. reading time":"6 minutes"},"schema":{"@context":"https:\/\/schema.org","@graph":[{"@type":"WebPage","@id":"https:\/\/www.h2ope.fr\/en\/terms-of-use\/","url":"https:\/\/www.h2ope.fr\/en\/terms-of-use\/","name":"Terms of use | H2ope","isPartOf":{"@id":"https:\/\/www.h2ope.fr\/en\/#website"},"datePublished":"2019-08-17T10:21:50+00:00","dateModified":"2019-09-10T13:52:58+00:00","breadcrumb":{"@id":"https:\/\/www.h2ope.fr\/en\/terms-of-use\/#breadcrumb"},"inLanguage":"en-US","potentialAction":[{"@type":"ReadAction","target":["https:\/\/www.h2ope.fr\/en\/terms-of-use\/"]}]},{"@type":"BreadcrumbList","@id":"https:\/\/www.h2ope.fr\/en\/terms-of-use\/#breadcrumb","itemListElement":[{"@type":"ListItem","position":1,"name":"Accueil","item":"https:\/\/www.h2ope.fr\/en\/"},{"@type":"ListItem","position":2,"name":"Terms of use"}]},{"@type":"WebSite","@id":"https:\/\/www.h2ope.fr\/en\/#website","url":"https:\/\/www.h2ope.fr\/en\/","name":"H2ope","description":"Collecte de d\u00e9chets en milieu aquatique","potentialAction":[{"@type":"SearchAction","target":{"@type":"EntryPoint","urlTemplate":"https:\/\/www.h2ope.fr\/en\/?s={search_term_string}"},"query-input":{"@type":"PropertyValueSpecification","valueRequired":true,"valueName":"search_term_string"}}],"inLanguage":"en-US"}]}},"_links":{"self":[{"href":"https:\/\/www.h2ope.fr\/en\/wp-json\/wp\/v2\/pages\/345","targetHints":{"allow":["GET"]}}],"collection":[{"href":"https:\/\/www.h2ope.fr\/en\/wp-json\/wp\/v2\/pages"}],"about":[{"href":"https:\/\/www.h2ope.fr\/en\/wp-json\/wp\/v2\/types\/page"}],"author":[{"embeddable":true,"href":"https:\/\/www.h2ope.fr\/en\/wp-json\/wp\/v2\/users\/1"}],"replies":[{"embeddable":true,"href":"https:\/\/www.h2ope.fr\/en\/wp-json\/wp\/v2\/comments?post=345"}],"version-history":[{"count":2,"href":"https:\/\/www.h2ope.fr\/en\/wp-json\/wp\/v2\/pages\/345\/revisions"}],"predecessor-version":[{"id":356,"href":"https:\/\/www.h2ope.fr\/en\/wp-json\/wp\/v2\/pages\/345\/revisions\/356"}],"wp:attachment":[{"href":"https:\/\/www.h2ope.fr\/en\/wp-json\/wp\/v2\/media?parent=345"}],"curies":[{"name":"wp","href":"https:\/\/api.w.org\/{rel}","templated":true}]}}